{"id":74,"date":"2016-06-24T13:33:54","date_gmt":"2016-06-24T13:33:54","guid":{"rendered":"https:\/\/santaanaalcoiweb.wordpress.com\/?page_id=74"},"modified":"2016-06-24T13:33:54","modified_gmt":"2016-06-24T13:33:54","slug":"junta-directiva","status":"publish","type":"page","link":"https:\/\/www.santaanaalcoi.es\/?page_id=74","title":{"rendered":"Junta Directiva"},"content":{"rendered":"<p>Presidente: Jose Rico Gracia.<\/p>\n<p>Secretaria: Mar\u00eda Lorena Bonell Jord\u00e1.<\/p>\n<p>Tesorero: Jorge Iv\u00e1n Fresneda L\u00f3pez.<\/p>\n<p>Vocales:<\/p>\n<ul>\n<li>Lara Monserrat Jorr\u00edn.<\/li>\n<li>Mar\u00eda Cecilia Roca Reina.<\/li>\n<li>Tania Mart\u00ednez Munt\u00f3.<\/li>\n<li>Jose Antonio Iba\u00f1ez Garc\u00eda.<\/li>\n<li>Maria Elena Sempere Gim\u00e9nez.<\/li>\n<li>Julio Abad Hern\u00e1ndez.<\/li>\n<li>Monica Miguel Molina.<\/li>\n<\/ul>\n","protected":false},"excerpt":{"rendered":"<p>Presidente: Jose Rico Gracia. Secretaria: Mar\u00eda Lorena Bonell Jord\u00e1. Tesorero: Jorge Iv\u00e1n Fresneda L\u00f3pez. Vocales: Lara Monserrat Jorr\u00edn. Mar\u00eda Cecilia Roca Reina. Tania Mart\u00ednez Munt\u00f3. Jose Antonio Iba\u00f1ez Garc\u00eda. Maria Elena Sempere Gim\u00e9nez. Julio Abad Hern\u00e1ndez. Monica Miguel Molina.<\/p>\n","protected":false},"author":3,"featured_media":2682,"parent":28,"menu_order":0,"comment_status":"closed","ping_status":"closed","template":"","meta":{"footnotes":""},"class_list":["post-74","page","type-page","status-publish","has-post-thumbnail","hentry"],"jetpack_sharing_enabled":false,"_links":{"self":[{"href":"https:\/\/www.santaanaalcoi.es\/index.php?rest_route=\/wp\/v2\/pages\/74","targetHints":{"allow":["GET"]}}],"collection":[{"href":"https:\/\/www.santaanaalcoi.es\/index.php?rest_route=\/wp\/v2\/pages"}],"about":[{"href":"https:\/\/www.santaanaalcoi.es\/index.php?rest_route=\/wp\/v2\/types\/page"}],"author":[{"embeddable":true,"href":"https:\/\/www.santaanaalcoi.es\/index.php?rest_route=\/wp\/v2\/users\/3"}],"replies":[{"embeddable":true,"href":"https:\/\/www.santaanaalcoi.es\/index.php?rest_route=%2Fwp%2Fv2%2Fcomments&post=74"}],"version-history":[{"count":0,"href":"https:\/\/www.santaanaalcoi.es\/index.php?rest_route=\/wp\/v2\/pages\/74\/revisions"}],"up":[{"embeddable":true,"href":"https:\/\/www.santaanaalcoi.es\/index.php?rest_route=\/wp\/v2\/pages\/28"}],"wp:featuredmedia":[{"embeddable":true,"href":"https:\/\/www.santaanaalcoi.es\/index.php?rest_route=\/wp\/v2\/media\/2682"}],"wp:attachment":[{"href":"https:\/\/www.santaanaalcoi.es\/index.php?rest_route=%2Fwp%2Fv2%2Fmedia&parent=74"}],"curies":[{"name":"wp","href":"https:\/\/api.w.org\/{rel}","templated":true}]}}