{"id":723,"date":"2016-08-24T21:35:57","date_gmt":"2016-08-24T21:35:57","guid":{"rendered":"https:\/\/santaanaalcoiweb.wordpress.com\/blog\/secundaria\/departamentos\/lenguas\/"},"modified":"2016-08-24T21:35:57","modified_gmt":"2016-08-24T21:35:57","slug":"lenguas","status":"publish","type":"page","link":"https:\/\/www.santaanaalcoi.es\/?page_id=723","title":{"rendered":"Lenguas"},"content":{"rendered":"<p style=\"text-align: justify\">El Departamento de Lenguas comprende las asignaturas relacionadas con este \u00e1mbito del aprendizaje y est\u00e1 compuesto por los siguientes miembros del equipo de profesores de Secundaria:<\/p>\n<ul>\n<li style=\"text-align: justify\">Cintia Gand\u00eda. Jefa del Departamento. Licenciada en Filolog\u00eda hisp\u00e1nica.<\/li>\n<li style=\"text-align: justify\">Lirios Abab: Licenciada en Psicolog\u00eda.<\/li>\n<li style=\"text-align: justify\">Carmina Pay\u00e1: Diplomada en Magisterio.<\/li>\n<li style=\"text-align: justify\"><span style=\"font-size: revert\">Tina Trodella: Licenciada en Filolog\u00eda inglesa.<\/span><\/li>\n<\/ul>\n","protected":false},"excerpt":{"rendered":"<p>El Departamento de Lenguas comprende las asignaturas relacionadas con este \u00e1mbito del aprendizaje y est\u00e1 compuesto por los siguientes miembros del equipo de profesores de Secundaria: Cintia Gand\u00eda. Jefa del Departamento. Licenciada en Filolog\u00eda hisp\u00e1nica. Lirios Abab: Licenciada en Psicolog\u00eda. Carmina Pay\u00e1: Diplomada en Magisterio. Tina Trodella: Licenciada en Filolog\u00eda inglesa.<\/p>\n","protected":false},"author":3,"featured_media":727,"parent":447,"menu_order":0,"comment_status":"closed","ping_status":"closed","template":"","meta":{"footnotes":""},"class_list":["post-723","page","type-page","status-publish","has-post-thumbnail","hentry"],"jetpack_sharing_enabled":false,"_links":{"self":[{"href":"https:\/\/www.santaanaalcoi.es\/index.php?rest_route=\/wp\/v2\/pages\/723","targetHints":{"allow":["GET"]}}],"collection":[{"href":"https:\/\/www.santaanaalcoi.es\/index.php?rest_route=\/wp\/v2\/pages"}],"about":[{"href":"https:\/\/www.santaanaalcoi.es\/index.php?rest_route=\/wp\/v2\/types\/page"}],"author":[{"embeddable":true,"href":"https:\/\/www.santaanaalcoi.es\/index.php?rest_route=\/wp\/v2\/users\/3"}],"replies":[{"embeddable":true,"href":"https:\/\/www.santaanaalcoi.es\/index.php?rest_route=%2Fwp%2Fv2%2Fcomments&post=723"}],"version-history":[{"count":0,"href":"https:\/\/www.santaanaalcoi.es\/index.php?rest_route=\/wp\/v2\/pages\/723\/revisions"}],"up":[{"embeddable":true,"href":"https:\/\/www.santaanaalcoi.es\/index.php?rest_route=\/wp\/v2\/pages\/447"}],"wp:featuredmedia":[{"embeddable":true,"href":"https:\/\/www.santaanaalcoi.es\/index.php?rest_route=\/wp\/v2\/media\/727"}],"wp:attachment":[{"href":"https:\/\/www.santaanaalcoi.es\/index.php?rest_route=%2Fwp%2Fv2%2Fmedia&parent=723"}],"curies":[{"name":"wp","href":"https:\/\/api.w.org\/{rel}","templated":true}]}}