{"id":674,"date":"2016-08-19T09:09:35","date_gmt":"2016-08-19T09:09:35","guid":{"rendered":"https:\/\/santaanaalcoiweb.wordpress.com\/?page_id=674"},"modified":"2026-03-23T18:02:27","modified_gmt":"2026-03-23T17:02:27","slug":"especialistas","status":"publish","type":"page","link":"https:\/\/www.santaanaalcoi.es\/?page_id=674","title":{"rendered":"Especialistas"},"content":{"rendered":"<ul>\n<li>Educaci\u00f3n F\u00edsica: Gonzalo Olcina.<\/li>\n<li>Lengua Inglesa: Eva Sand\u00edn (English Time Project).<\/li>\n<li>Arts &amp; Crafts: Clara Jord\u00e0.<\/li>\n<li>M\u00fasica: Bel\u00e9n L\u00f3pez.<\/li>\n<\/ul>\n","protected":false},"excerpt":{"rendered":"<p>Educaci\u00f3n F\u00edsica: Gonzalo Olcina. Lengua Inglesa: Eva Sand\u00edn (English Time Project). Arts &amp; Crafts: Clara Jord\u00e0. M\u00fasica: Bel\u00e9n L\u00f3pez.<\/p>\n","protected":false},"author":3,"featured_media":4873,"parent":67,"menu_order":0,"comment_status":"closed","ping_status":"closed","template":"","meta":{"footnotes":""},"class_list":["post-674","page","type-page","status-publish","has-post-thumbnail","hentry"],"jetpack_sharing_enabled":false,"_links":{"self":[{"href":"https:\/\/www.santaanaalcoi.es\/index.php?rest_route=\/wp\/v2\/pages\/674","targetHints":{"allow":["GET"]}}],"collection":[{"href":"https:\/\/www.santaanaalcoi.es\/index.php?rest_route=\/wp\/v2\/pages"}],"about":[{"href":"https:\/\/www.santaanaalcoi.es\/index.php?rest_route=\/wp\/v2\/types\/page"}],"author":[{"embeddable":true,"href":"https:\/\/www.santaanaalcoi.es\/index.php?rest_route=\/wp\/v2\/users\/3"}],"replies":[{"embeddable":true,"href":"https:\/\/www.santaanaalcoi.es\/index.php?rest_route=%2Fwp%2Fv2%2Fcomments&post=674"}],"version-history":[{"count":1,"href":"https:\/\/www.santaanaalcoi.es\/index.php?rest_route=\/wp\/v2\/pages\/674\/revisions"}],"predecessor-version":[{"id":4779,"href":"https:\/\/www.santaanaalcoi.es\/index.php?rest_route=\/wp\/v2\/pages\/674\/revisions\/4779"}],"up":[{"embeddable":true,"href":"https:\/\/www.santaanaalcoi.es\/index.php?rest_route=\/wp\/v2\/pages\/67"}],"wp:featuredmedia":[{"embeddable":true,"href":"https:\/\/www.santaanaalcoi.es\/index.php?rest_route=\/wp\/v2\/media\/4873"}],"wp:attachment":[{"href":"https:\/\/www.santaanaalcoi.es\/index.php?rest_route=%2Fwp%2Fv2%2Fmedia&parent=674"}],"curies":[{"name":"wp","href":"https:\/\/api.w.org\/{rel}","templated":true}]}}