{"id":63,"date":"2016-06-23T11:00:09","date_gmt":"2016-06-23T11:00:09","guid":{"rendered":"https:\/\/santaanaalcoiweb.wordpress.com\/?page_id=63"},"modified":"2025-09-03T14:41:46","modified_gmt":"2025-09-03T12:41:46","slug":"escoleta","status":"publish","type":"page","link":"https:\/\/www.santaanaalcoi.es\/?page_id=63","title":{"rendered":"ESCOLETA"},"content":{"rendered":"<p style=\"text-align: justify;\">Nuestro proyecto educativo est\u00e1 basado en el <b>trabajo por proyectos<\/b>. Esta es una forma de trabajo basada en la investigaci\u00f3n, manipulaci\u00f3n y experimentaci\u00f3n. Los alumnos\/as adquieren conocimientos mediante una investigaci\u00f3n que parte de un inter\u00e9s central.<\/p>\n<p style=\"text-align: justify;\">Los resultados de la indagaci\u00f3n psicol\u00f3gica y pedag\u00f3gica confirman cada vez con mayor fuerza que la escuela investigativa es la opci\u00f3n que mejor asegura el aprendizaje significativo. El papel ineludible de las preconcepciones infantiles, el car\u00e1cter constructivo del aprendizaje, la influencia de los factores meta-cognitivos, el peso de la afectividad, la importancia de los entornos socioculturales tanto pr\u00f3ximos como m\u00e1s abarcantes&#8230; todo ello no hace sino apuntar a una pedagog\u00eda centrada en la investigaci\u00f3n infantil aut\u00e9ntica.<\/p>\n<p style=\"text-align: justify;\">La organizaci\u00f3n de las aulas sigue un criterio flexible para poder acomodar el espacio a las diferentes actividades diarias y tener la posibilidad de modificarse a lo largo del periodo escolar seg\u00fan las necesidades de nuestros alumnos.<\/p>\n<p style=\"text-align: justify;\">Destacan en nuestras aulas los <b>rincones<\/b>, espacios delimitados donde los ni\u00f1os\/as, individualmente o en peque\u00f1o grupo, realizan simult\u00e1neamente actividades de aprendizaje.<\/p>\n<p style=\"text-align: justify;\">Para m\u00e1s informaci\u00f3n pueden acceder a los siguientes documentos, que ponemos a su entera disposici\u00f3n.<\/p>\n<p style=\"text-align: justify;\"><strong><a title=\"Cata\u0300leg escoleta 2016\" href=\"https:\/\/santaanaalcoi.es\/wp-content\/uploads\/2024\/02\/escoleta.pdf\" target=\"_blank\" rel=\"noopener\">Folleto Informativo Escoleta<\/a><\/strong><\/p>\n<p style=\"text-align: justify;\"><strong><a title=\"Metodologi\u0301a Escoleta\" href=\"https:\/\/santaanaalcoi.es\/wp-content\/uploads\/2023\/02\/metodologia.pdf\">Metodologi\u0301a Escoleta<\/a><\/strong><\/p>\n","protected":false},"excerpt":{"rendered":"<p>Nuestro proyecto educativo est\u00e1 basado en el trabajo por proyectos. Esta es una forma de trabajo basada en la investigaci\u00f3n, manipulaci\u00f3n y experimentaci\u00f3n. Los alumnos\/as adquieren conocimientos mediante una investigaci\u00f3n que parte de un inter\u00e9s central. Los resultados de la indagaci\u00f3n psicol\u00f3gica y pedag\u00f3gica confirman cada vez con mayor fuerza que la escuela investigativa es&#8230; <\/p>\n<div class=\"link-more\"><a href=\"https:\/\/www.santaanaalcoi.es\/?page_id=63\">Lea m\u00e1s<\/a><\/div>\n","protected":false},"author":3,"featured_media":2689,"parent":4328,"menu_order":0,"comment_status":"closed","ping_status":"closed","template":"","meta":{"footnotes":""},"class_list":["post-63","page","type-page","status-publish","has-post-thumbnail","hentry"],"jetpack_sharing_enabled":false,"_links":{"self":[{"href":"https:\/\/www.santaanaalcoi.es\/index.php?rest_route=\/wp\/v2\/pages\/63","targetHints":{"allow":["GET"]}}],"collection":[{"href":"https:\/\/www.santaanaalcoi.es\/index.php?rest_route=\/wp\/v2\/pages"}],"about":[{"href":"https:\/\/www.santaanaalcoi.es\/index.php?rest_route=\/wp\/v2\/types\/page"}],"author":[{"embeddable":true,"href":"https:\/\/www.santaanaalcoi.es\/index.php?rest_route=\/wp\/v2\/users\/3"}],"replies":[{"embeddable":true,"href":"https:\/\/www.santaanaalcoi.es\/index.php?rest_route=%2Fwp%2Fv2%2Fcomments&post=63"}],"version-history":[{"count":1,"href":"https:\/\/www.santaanaalcoi.es\/index.php?rest_route=\/wp\/v2\/pages\/63\/revisions"}],"predecessor-version":[{"id":4652,"href":"https:\/\/www.santaanaalcoi.es\/index.php?rest_route=\/wp\/v2\/pages\/63\/revisions\/4652"}],"up":[{"embeddable":true,"href":"https:\/\/www.santaanaalcoi.es\/index.php?rest_route=\/wp\/v2\/pages\/4328"}],"wp:featuredmedia":[{"embeddable":true,"href":"https:\/\/www.santaanaalcoi.es\/index.php?rest_route=\/wp\/v2\/media\/2689"}],"wp:attachment":[{"href":"https:\/\/www.santaanaalcoi.es\/index.php?rest_route=%2Fwp%2Fv2%2Fmedia&parent=63"}],"curies":[{"name":"wp","href":"https:\/\/api.w.org\/{rel}","templated":true}]}}