{"id":479,"date":"2016-08-12T20:47:19","date_gmt":"2016-08-12T20:47:19","guid":{"rendered":"https:\/\/santaanaalcoiweb.wordpress.com\/?page_id=479"},"modified":"2016-08-12T20:47:19","modified_gmt":"2016-08-12T20:47:19","slug":"berta-barrachina-2","status":"publish","type":"page","link":"https:\/\/www.santaanaalcoi.es\/?page_id=479","title":{"rendered":"Lilia Aroca"},"content":{"rendered":"<p style=\"text-align: justify\"><strong>Graduada en Educaci\u00f3n Infantil<\/strong><br \/>\n<strong>Capacitaci\u00f3 en valenci\u00e0<\/strong><br \/>\n<strong>B1 ingl\u00e9s<\/strong><br \/>\n<strong>DECA<\/strong><\/p>\n<p>Hola, soy\u00a0<span class=\"il\">Lilia<\/span> Aroca y soy maestra de Educaci\u00f3n Infantil.<br \/>\nTrabajar en la escoleta del colegio Santa Ana, para m\u00ed es una oportunidad y un privilegio.<br \/>\nCada d\u00eda que voy al colegio vuelvo con un poquito m\u00e1s de felicidad a casa.<br \/>\nTrabajar de maestra es una de las experiencias m\u00e1s gratificantes que puede haber, me encanta poder compartir y aprender junto a mis alumnos, verlos crecer, re\u00edr con ellos y poder acompa\u00f1arles en esta etapa tan bonita de la vida.<br \/>\nMe gusta construir junto a ellos un espacio seguro y estimulante donde tanto ellos como nosotras estemos en constante aprendizaje, ya que nosotras tambi\u00e9n aprendemos de los alumnos.<br \/>\nVer el crecimiento de cada nene o nena que entra al cole, es de las cosas m\u00e1s bonitas que se vive en este trabajo.<\/p>\n<p><em>\u201cEnse\u00f1ar es dejar huella en el coraz\u00f3n de los alumnos\u201d<\/em><\/p>\n","protected":false},"excerpt":{"rendered":"<p>Graduada en Educaci\u00f3n Infantil Capacitaci\u00f3 en valenci\u00e0 B1 ingl\u00e9s DECA Hola, soy\u00a0Lilia Aroca y soy maestra de Educaci\u00f3n Infantil. Trabajar en la escoleta del colegio Santa Ana, para m\u00ed es una oportunidad y un privilegio. Cada d\u00eda que voy al colegio vuelvo con un poquito m\u00e1s de felicidad a casa. Trabajar de maestra es una&#8230; <\/p>\n<div class=\"link-more\"><a href=\"https:\/\/www.santaanaalcoi.es\/?page_id=479\">Lea m\u00e1s<\/a><\/div>\n","protected":false},"author":3,"featured_media":4043,"parent":201,"menu_order":0,"comment_status":"closed","ping_status":"closed","template":"","meta":{"footnotes":""},"class_list":["post-479","page","type-page","status-publish","has-post-thumbnail","hentry"],"jetpack_sharing_enabled":false,"_links":{"self":[{"href":"https:\/\/www.santaanaalcoi.es\/index.php?rest_route=\/wp\/v2\/pages\/479","targetHints":{"allow":["GET"]}}],"collection":[{"href":"https:\/\/www.santaanaalcoi.es\/index.php?rest_route=\/wp\/v2\/pages"}],"about":[{"href":"https:\/\/www.santaanaalcoi.es\/index.php?rest_route=\/wp\/v2\/types\/page"}],"author":[{"embeddable":true,"href":"https:\/\/www.santaanaalcoi.es\/index.php?rest_route=\/wp\/v2\/users\/3"}],"replies":[{"embeddable":true,"href":"https:\/\/www.santaanaalcoi.es\/index.php?rest_route=%2Fwp%2Fv2%2Fcomments&post=479"}],"version-history":[{"count":0,"href":"https:\/\/www.santaanaalcoi.es\/index.php?rest_route=\/wp\/v2\/pages\/479\/revisions"}],"up":[{"embeddable":true,"href":"https:\/\/www.santaanaalcoi.es\/index.php?rest_route=\/wp\/v2\/pages\/201"}],"wp:featuredmedia":[{"embeddable":true,"href":"https:\/\/www.santaanaalcoi.es\/index.php?rest_route=\/wp\/v2\/media\/4043"}],"wp:attachment":[{"href":"https:\/\/www.santaanaalcoi.es\/index.php?rest_route=%2Fwp%2Fv2%2Fmedia&parent=479"}],"curies":[{"name":"wp","href":"https:\/\/api.w.org\/{rel}","templated":true}]}}