{"id":450,"date":"2016-08-11T16:07:07","date_gmt":"2016-08-11T16:07:07","guid":{"rendered":"https:\/\/santaanaalcoiweb.wordpress.com\/?page_id=450"},"modified":"2025-11-12T12:22:16","modified_gmt":"2025-11-12T11:22:16","slug":"circulares","status":"publish","type":"page","link":"https:\/\/www.santaanaalcoi.es\/?page_id=450","title":{"rendered":"Metodolog\u00eda"},"content":{"rendered":"\n<p>Para las profesoras de la etapa, Infantil es un tiempo para descubrir, disfrutar y crecer. Somos un centro peque\u00f1o y familiar, ofreciendo una atenci\u00f3n cercana y personalizada a cada ni\u00f1o y a cada familia. Creemos que cada alumno tiene su propio ritmo, su manera de aprender y su forma \u00fanica de mirar el mundo, por eso les acompa\u00f1amos desde el respeto, la escucha y el cari\u00f1o. <\/p>\n\n\n<div class=\"wp-block-image\">\n<figure class=\"alignleft size-large is-resized\"><img loading=\"lazy\" decoding=\"async\" width=\"768\" height=\"1024\" src=\"https:\/\/www.santaanaalcoi.es\/wp-content\/uploads\/2025\/11\/64742b5f-1f40-4aa7-a92a-93a3d736070c-768x1024.jpg\" alt=\"\" class=\"wp-image-4783\" style=\"width:217px;height:auto\" srcset=\"https:\/\/www.santaanaalcoi.es\/wp-content\/uploads\/2025\/11\/64742b5f-1f40-4aa7-a92a-93a3d736070c-768x1024.jpg 768w, https:\/\/www.santaanaalcoi.es\/wp-content\/uploads\/2025\/11\/64742b5f-1f40-4aa7-a92a-93a3d736070c-225x300.jpg 225w, https:\/\/www.santaanaalcoi.es\/wp-content\/uploads\/2025\/11\/64742b5f-1f40-4aa7-a92a-93a3d736070c-1152x1536.jpg 1152w, https:\/\/www.santaanaalcoi.es\/wp-content\/uploads\/2025\/11\/64742b5f-1f40-4aa7-a92a-93a3d736070c-630x840.jpg 630w, https:\/\/www.santaanaalcoi.es\/wp-content\/uploads\/2025\/11\/64742b5f-1f40-4aa7-a92a-93a3d736070c-960x1280.jpg 960w, https:\/\/www.santaanaalcoi.es\/wp-content\/uploads\/2025\/11\/64742b5f-1f40-4aa7-a92a-93a3d736070c.jpg 1200w\" sizes=\"auto, (max-width: 768px) 100vw, 768px\" \/><\/figure>\n<\/div>\n\n\n<p>Adem\u00e1s, entendemos que la familia es una parte esencial del proceso educativo. Colegio-escuela caminamos juntos, compartiendo objetivos y manteniendo una comunicaci\u00f3n constante para que los ni\u00f1os se sientan seguros, comprendidos y acompa\u00f1ados en todas las etapas de su crecimiento.<br>Nuestra metodolog\u00eda parte de la experimentaci\u00f3n y la vivencia real. <\/p>\n\n\n\n<p><\/p>\n\n\n<div class=\"wp-block-image\">\n<figure class=\"alignright size-large is-resized\"><img loading=\"lazy\" decoding=\"async\" width=\"768\" height=\"1024\" src=\"https:\/\/www.santaanaalcoi.es\/wp-content\/uploads\/2025\/11\/IMG_2602-1-768x1024.jpg\" alt=\"\" class=\"wp-image-4782\" style=\"width:277px;height:auto\" srcset=\"https:\/\/www.santaanaalcoi.es\/wp-content\/uploads\/2025\/11\/IMG_2602-1-768x1024.jpg 768w, https:\/\/www.santaanaalcoi.es\/wp-content\/uploads\/2025\/11\/IMG_2602-1-225x300.jpg 225w, https:\/\/www.santaanaalcoi.es\/wp-content\/uploads\/2025\/11\/IMG_2602-1-1152x1536.jpg 1152w, https:\/\/www.santaanaalcoi.es\/wp-content\/uploads\/2025\/11\/IMG_2602-1-1536x2048.jpg 1536w, https:\/\/www.santaanaalcoi.es\/wp-content\/uploads\/2025\/11\/IMG_2602-1-630x840.jpg 630w, https:\/\/www.santaanaalcoi.es\/wp-content\/uploads\/2025\/11\/IMG_2602-1-960x1280.jpg 960w, https:\/\/www.santaanaalcoi.es\/wp-content\/uploads\/2025\/11\/IMG_2602-1-scaled.jpg 1920w\" sizes=\"auto, (max-width: 768px) 100vw, 768px\" \/><\/figure>\n<\/div>\n\n\n<p>Aprender haciendo, tocando, probando y equivoc\u00e1ndose es la mejor manera de que los aprendizajes sean significativos y duraderos. En nuestras aulas el juego es el hilo conductor de todo lo que ocurre, porque a trav\u00e9s del juego los ni\u00f1os aprenden a pensar, comunicarse, convivir y expresar emociones.<br>Trabajamos por rincones donde los alumnos exploran diferentes propuestas de forma libre y aut\u00f3noma: el rinc\u00f3n de lectoescritura, de matem\u00e1ticas manipulativas, de arte, de construcci\u00f3n o de juego simb\u00f3lico\u2026 En cada espacio descubren, experimentan y ponen en pr\u00e1ctica habilidades esenciales para su desarrollo.<\/p>\n\n\n\n<p><br>Adem\u00e1s, cada a\u00f1o llevamos a cabo proyectos globales que nacen del inter\u00e9s de los ni\u00f1os y se enriquecen con la participaci\u00f3n de las familias.<br>Los cuentos son otra pieza fundamental de nuestro d\u00eda a d\u00eda. A trav\u00e9s de ellos desarrollamos la imaginaci\u00f3n, el lenguaje, la empat\u00eda y el gusto por la lectura, y los utilizamos como punto de partida para trabajar la lectoescritura y las matem\u00e1ticas de forma vivencial y cercana a la realidad del ni\u00f1o.<br>En definitiva, en Infantil ofrecemos un entorno seguro, alegre y estimulante donde cada ni\u00f1o puede ser, sentir, aprender y crecer feliz, rodeado de personas que creen en \u00e9l.<\/p>\n\n\n\n<p><\/p>\n","protected":false},"excerpt":{"rendered":"<p>Para las profesoras de la etapa, Infantil es un tiempo para descubrir, disfrutar y crecer. Somos un centro peque\u00f1o y familiar, ofreciendo una atenci\u00f3n cercana y personalizada a cada ni\u00f1o y a cada familia. Creemos que cada alumno tiene su propio ritmo, su manera de aprender y su forma \u00fanica de mirar el mundo, por&#8230; <\/p>\n<div class=\"link-more\"><a href=\"https:\/\/www.santaanaalcoi.es\/?page_id=450\">Lea m\u00e1s<\/a><\/div>\n","protected":false},"author":3,"featured_media":3202,"parent":70,"menu_order":0,"comment_status":"closed","ping_status":"closed","template":"","meta":{"footnotes":""},"class_list":["post-450","page","type-page","status-publish","has-post-thumbnail","hentry"],"jetpack_sharing_enabled":false,"_links":{"self":[{"href":"https:\/\/www.santaanaalcoi.es\/index.php?rest_route=\/wp\/v2\/pages\/450","targetHints":{"allow":["GET"]}}],"collection":[{"href":"https:\/\/www.santaanaalcoi.es\/index.php?rest_route=\/wp\/v2\/pages"}],"about":[{"href":"https:\/\/www.santaanaalcoi.es\/index.php?rest_route=\/wp\/v2\/types\/page"}],"author":[{"embeddable":true,"href":"https:\/\/www.santaanaalcoi.es\/index.php?rest_route=\/wp\/v2\/users\/3"}],"replies":[{"embeddable":true,"href":"https:\/\/www.santaanaalcoi.es\/index.php?rest_route=%2Fwp%2Fv2%2Fcomments&post=450"}],"version-history":[{"count":5,"href":"https:\/\/www.santaanaalcoi.es\/index.php?rest_route=\/wp\/v2\/pages\/450\/revisions"}],"predecessor-version":[{"id":4787,"href":"https:\/\/www.santaanaalcoi.es\/index.php?rest_route=\/wp\/v2\/pages\/450\/revisions\/4787"}],"up":[{"embeddable":true,"href":"https:\/\/www.santaanaalcoi.es\/index.php?rest_route=\/wp\/v2\/pages\/70"}],"wp:featuredmedia":[{"embeddable":true,"href":"https:\/\/www.santaanaalcoi.es\/index.php?rest_route=\/wp\/v2\/media\/3202"}],"wp:attachment":[{"href":"https:\/\/www.santaanaalcoi.es\/index.php?rest_route=%2Fwp%2Fv2%2Fmedia&parent=450"}],"curies":[{"name":"wp","href":"https:\/\/api.w.org\/{rel}","templated":true}]}}