{"id":447,"date":"2016-08-11T16:05:13","date_gmt":"2016-08-11T16:05:13","guid":{"rendered":"https:\/\/santaanaalcoiweb.wordpress.com\/?page_id=447"},"modified":"2025-09-03T15:25:05","modified_gmt":"2025-09-03T13:25:05","slug":"departamentos","status":"publish","type":"page","link":"https:\/\/www.santaanaalcoi.es\/?page_id=447","title":{"rendered":"Departamentos"},"content":{"rendered":"\n<p class=\"has-text-align-center\"><a href=\"https:\/\/www.santaanaalcoi.es\/?page_id=553\">Cient\u00edfico-tecnol\u00f3gico<\/a><\/p>\n\n\n\n<p class=\"has-text-align-center\"><a href=\"https:\/\/www.santaanaalcoi.es\/?page_id=616\">Human\u00edstico<\/a><\/p>\n\n\n\n<p class=\"has-text-align-center\"><a href=\"https:\/\/www.santaanaalcoi.es\/?page_id=723\">Lenguas<\/a><\/p>\n\n\n\n<p class=\"has-text-align-center\"><a href=\"https:\/\/www.santaanaalcoi.es\/?page_id=4612\">Orientaci\u00f3n<\/a><\/p>\n","protected":false},"excerpt":{"rendered":"<p>Cient\u00edfico-tecnol\u00f3gico Human\u00edstico Lenguas Orientaci\u00f3n<\/p>\n","protected":false},"author":3,"featured_media":0,"parent":70,"menu_order":0,"comment_status":"closed","ping_status":"closed","template":"","meta":{"footnotes":""},"class_list":["post-447","page","type-page","status-publish","hentry"],"jetpack_sharing_enabled":false,"_links":{"self":[{"href":"https:\/\/www.santaanaalcoi.es\/index.php?rest_route=\/wp\/v2\/pages\/447","targetHints":{"allow":["GET"]}}],"collection":[{"href":"https:\/\/www.santaanaalcoi.es\/index.php?rest_route=\/wp\/v2\/pages"}],"about":[{"href":"https:\/\/www.santaanaalcoi.es\/index.php?rest_route=\/wp\/v2\/types\/page"}],"author":[{"embeddable":true,"href":"https:\/\/www.santaanaalcoi.es\/index.php?rest_route=\/wp\/v2\/users\/3"}],"replies":[{"embeddable":true,"href":"https:\/\/www.santaanaalcoi.es\/index.php?rest_route=%2Fwp%2Fv2%2Fcomments&post=447"}],"version-history":[{"count":3,"href":"https:\/\/www.santaanaalcoi.es\/index.php?rest_route=\/wp\/v2\/pages\/447\/revisions"}],"predecessor-version":[{"id":4682,"href":"https:\/\/www.santaanaalcoi.es\/index.php?rest_route=\/wp\/v2\/pages\/447\/revisions\/4682"}],"up":[{"embeddable":true,"href":"https:\/\/www.santaanaalcoi.es\/index.php?rest_route=\/wp\/v2\/pages\/70"}],"wp:attachment":[{"href":"https:\/\/www.santaanaalcoi.es\/index.php?rest_route=%2Fwp%2Fv2%2Fmedia&parent=447"}],"curies":[{"name":"wp","href":"https:\/\/api.w.org\/{rel}","templated":true}]}}