{"id":368,"date":"2016-08-08T15:54:01","date_gmt":"2016-08-08T15:54:01","guid":{"rendered":"https:\/\/santaanaalcoiweb.wordpress.com\/?page_id=368"},"modified":"2016-08-08T15:54:01","modified_gmt":"2016-08-08T15:54:01","slug":"sexto","status":"publish","type":"page","link":"https:\/\/www.santaanaalcoi.es\/?page_id=368","title":{"rendered":"Sexto"},"content":{"rendered":"<p style=\"text-align: center\"><strong>BERTA BARRACHINA<\/strong><\/p>\n<p style=\"text-align: center\"><strong>Tutora del Aula de 6\u00ba de Primaria<\/strong><\/p>\n<p style=\"text-align: center\"><strong>Graduada en Educaci\u00f3n Infantil,\u00a0 Educaci\u00f3n Primaria <\/strong><strong>y\u00a0 Pedagog\u00eda<\/strong><\/p>\n<p style=\"text-align: center\"><strong>Especialista en Pedagog\u00eda <\/strong><b>Terap\u00e9utica<\/b><\/p>\n","protected":false},"excerpt":{"rendered":"<p>BERTA BARRACHINA Tutora del Aula de 6\u00ba de Primaria Graduada en Educaci\u00f3n Infantil,\u00a0 Educaci\u00f3n Primaria y\u00a0 Pedagog\u00eda Especialista en Pedagog\u00eda Terap\u00e9utica<\/p>\n","protected":false},"author":3,"featured_media":3914,"parent":335,"menu_order":6,"comment_status":"closed","ping_status":"closed","template":"","meta":{"footnotes":""},"class_list":["post-368","page","type-page","status-publish","has-post-thumbnail","hentry"],"jetpack_sharing_enabled":false,"_links":{"self":[{"href":"https:\/\/www.santaanaalcoi.es\/index.php?rest_route=\/wp\/v2\/pages\/368","targetHints":{"allow":["GET"]}}],"collection":[{"href":"https:\/\/www.santaanaalcoi.es\/index.php?rest_route=\/wp\/v2\/pages"}],"about":[{"href":"https:\/\/www.santaanaalcoi.es\/index.php?rest_route=\/wp\/v2\/types\/page"}],"author":[{"embeddable":true,"href":"https:\/\/www.santaanaalcoi.es\/index.php?rest_route=\/wp\/v2\/users\/3"}],"replies":[{"embeddable":true,"href":"https:\/\/www.santaanaalcoi.es\/index.php?rest_route=%2Fwp%2Fv2%2Fcomments&post=368"}],"version-history":[{"count":0,"href":"https:\/\/www.santaanaalcoi.es\/index.php?rest_route=\/wp\/v2\/pages\/368\/revisions"}],"up":[{"embeddable":true,"href":"https:\/\/www.santaanaalcoi.es\/index.php?rest_route=\/wp\/v2\/pages\/335"}],"wp:featuredmedia":[{"embeddable":true,"href":"https:\/\/www.santaanaalcoi.es\/index.php?rest_route=\/wp\/v2\/media\/3914"}],"wp:attachment":[{"href":"https:\/\/www.santaanaalcoi.es\/index.php?rest_route=%2Fwp%2Fv2%2Fmedia&parent=368"}],"curies":[{"name":"wp","href":"https:\/\/api.w.org\/{rel}","templated":true}]}}