{"id":302,"date":"2016-08-06T15:39:53","date_gmt":"2016-08-06T15:39:53","guid":{"rendered":"https:\/\/santaanaalcoiweb.wordpress.com\/?page_id=302"},"modified":"2025-09-04T16:19:05","modified_gmt":"2025-09-04T14:19:05","slug":"horarios-de-atencion","status":"publish","type":"page","link":"https:\/\/www.santaanaalcoi.es\/?page_id=302","title":{"rendered":"HORARIOS DE ATENCI\u00d3N"},"content":{"rendered":"<ul>\n<li><b>Direcci\u00f3n:<\/b> Jos\u00e9 Luis Gen\u00eds.<\/li>\n<\/ul>\n<p style=\"text-align: left; padding-left: 40px;\">\u00a0Horario: Viernes de 9:00 a 13:00 h. <strong>Siempre con cita previa.<\/strong><br \/><b><\/b><\/p>\n<ul>\n<li style=\"text-align: left;\"><b>Jefatura de estudios:<\/b> Eva Bernab\u00e9u.<\/li>\n<\/ul>\n<p style=\"text-align: left; padding-left: 40px;\">Horario: Viernes de 12:30 a 14:00 h.\u00a0<strong>Siempre con cita previa.<\/strong><\/p>\n<ul>\n<li style=\"text-align: left;\"><b>Administrador:<\/b> Noor Cano.<\/li>\n<\/ul>\n<p style=\"text-align: left; padding-left: 40px;\">Horario: Lunes y Mi\u00e9rcoles de 9:00 a 12:00 h. Viernes de 9 a 13 h.<\/p>\n<p style=\"text-align: left; padding-left: 40px;\">Mail: administracion@santaanaalcoi.com<\/p>\n<ul>\n<li style=\"text-align: left;\"><strong>Secretar\u00eda: Clara Jord\u00e1.<\/strong><\/li>\n<\/ul>\n<p style=\"text-align: left; padding-left: 40px;\">Horario: Lunes ,martes y viernes\u00a0 de 9:00 a 11:00 h. Mi\u00e9rcoles y jueves de 9:00 a 14:00 h.<\/p>\n<p style=\"padding-left: 40px;\">Martes por la tarde de 17:00 a 19:00 h.<\/p>\n<p style=\"margin: 0cm 0cm 0.0001pt; text-align: left; padding-left: 40px;\">Tel\u00e9fono:<span style=\"font-size: revert; color: initial;\">\u00a0965332228<\/span><\/p>\n<p style=\"margin: 0cm 0cm 0.0001pt; text-align: left; padding-left: 40px;\">Fax:\u00a0965330670<\/p>\n<p style=\"margin: 0cm 0cm 0.0001pt; text-align: left; padding-left: 40px;\">Mail:\u00a0secretaria@santaanaalcoi.com<\/p>\n\n\n<p><\/p>\n","protected":false},"excerpt":{"rendered":"<p>Direcci\u00f3n: Jos\u00e9 Luis Gen\u00eds. \u00a0Horario: Viernes de 9:00 a 13:00 h. Siempre con cita previa. Jefatura de estudios: Eva Bernab\u00e9u. Horario: Viernes de 12:30 a 14:00 h.\u00a0Siempre con cita previa. Administrador: Noor Cano. Horario: Lunes y Mi\u00e9rcoles de 9:00 a 12:00 h. Viernes de 9 a 13 h. Mail: administracion@santaanaalcoi.com Secretar\u00eda: Clara Jord\u00e1. Horario: Lunes&#8230; <\/p>\n<div class=\"link-more\"><a href=\"https:\/\/www.santaanaalcoi.es\/?page_id=302\">Lea m\u00e1s<\/a><\/div>\n","protected":false},"author":3,"featured_media":2761,"parent":4327,"menu_order":0,"comment_status":"closed","ping_status":"closed","template":"","meta":{"footnotes":""},"class_list":["post-302","page","type-page","status-publish","has-post-thumbnail","hentry"],"jetpack_sharing_enabled":false,"_links":{"self":[{"href":"https:\/\/www.santaanaalcoi.es\/index.php?rest_route=\/wp\/v2\/pages\/302","targetHints":{"allow":["GET"]}}],"collection":[{"href":"https:\/\/www.santaanaalcoi.es\/index.php?rest_route=\/wp\/v2\/pages"}],"about":[{"href":"https:\/\/www.santaanaalcoi.es\/index.php?rest_route=\/wp\/v2\/types\/page"}],"author":[{"embeddable":true,"href":"https:\/\/www.santaanaalcoi.es\/index.php?rest_route=\/wp\/v2\/users\/3"}],"replies":[{"embeddable":true,"href":"https:\/\/www.santaanaalcoi.es\/index.php?rest_route=%2Fwp%2Fv2%2Fcomments&post=302"}],"version-history":[{"count":3,"href":"https:\/\/www.santaanaalcoi.es\/index.php?rest_route=\/wp\/v2\/pages\/302\/revisions"}],"predecessor-version":[{"id":4695,"href":"https:\/\/www.santaanaalcoi.es\/index.php?rest_route=\/wp\/v2\/pages\/302\/revisions\/4695"}],"up":[{"embeddable":true,"href":"https:\/\/www.santaanaalcoi.es\/index.php?rest_route=\/wp\/v2\/pages\/4327"}],"wp:featuredmedia":[{"embeddable":true,"href":"https:\/\/www.santaanaalcoi.es\/index.php?rest_route=\/wp\/v2\/media\/2761"}],"wp:attachment":[{"href":"https:\/\/www.santaanaalcoi.es\/index.php?rest_route=%2Fwp%2Fv2%2Fmedia&parent=302"}],"curies":[{"name":"wp","href":"https:\/\/api.w.org\/{rel}","templated":true}]}}