{"id":286,"date":"2016-08-06T15:21:41","date_gmt":"2016-08-06T15:21:41","guid":{"rendered":"https:\/\/santaanaalcoiweb.wordpress.com\/?page_id=286"},"modified":"2025-07-28T09:12:55","modified_gmt":"2025-07-28T07:12:55","slug":"actividades-complementarias","status":"publish","type":"page","link":"https:\/\/www.santaanaalcoi.es\/?page_id=286","title":{"rendered":"ACTIVIDADES COMPLEMENTARIAS"},"content":{"rendered":"<ul>\n<li>Actividades de Convivencia.<\/li>\n<li>Celebraciones navide\u00f1as: Adviento, visita pajes, Nochevieja.<\/li>\n<li>Visita al Teatro del Tirisiti.<\/li>\n<li>Celebraci\u00f3n de San Antonio Abad y su tradicional \u00abrostida\u00bb<\/li>\n<li>D\u00eda de la Paz.<\/li>\n<li>Cinema en valenci\u00e0.<\/li>\n<li>Visitas a granjas, f\u00e1bricas, museos, bibliotecas, parajes naturales\u2026<\/li>\n<li>Actividades de contacto con la naturaleza en el Huerto Escolar.<\/li>\n<li>Animaciones Lectoras.<\/li>\n<li>Celebraci\u00f3n Cuaresma.<\/li>\n<li>Semana Cultural.<\/li>\n<li>Viajes de esqu\u00ed.<\/li>\n<li>Participaci\u00f3n en actividades propuestas por otras entidades (Ayuntamiento, Ministerio\u2026).<\/li>\n<li>Participaci\u00f3n en los juegos deportivos escolares municipales.<\/li>\n<li>Celebraci\u00f3n\u00a0de las 13 horas deportivas.<\/li>\n<li>Educaci\u00f3n Vial.<\/li>\n<li>D\u00eda de la Vida.<\/li>\n<li>Viajes fin de curso.<\/li>\n<li>Festival de Fin de Curso.<\/li>\n<li>Fiesta del agua.<\/li>\n<li>Graduaciones.<\/li>\n<li>Campus de Verano.<\/li>\n<\/ul>\n","protected":false},"excerpt":{"rendered":"<p>Actividades de Convivencia. Celebraciones navide\u00f1as: Adviento, visita pajes, Nochevieja. Visita al Teatro del Tirisiti. Celebraci\u00f3n de San Antonio Abad y su tradicional \u00abrostida\u00bb D\u00eda de la Paz. Cinema en valenci\u00e0. Visitas a granjas, f\u00e1bricas, museos, bibliotecas, parajes naturales\u2026 Actividades de contacto con la naturaleza en el Huerto Escolar. Animaciones Lectoras. Celebraci\u00f3n Cuaresma. Semana Cultural. Viajes&#8230; <\/p>\n<div class=\"link-more\"><a href=\"https:\/\/www.santaanaalcoi.es\/?page_id=286\">Lea m\u00e1s<\/a><\/div>\n","protected":false},"author":3,"featured_media":4587,"parent":4327,"menu_order":0,"comment_status":"closed","ping_status":"closed","template":"","meta":{"footnotes":""},"class_list":["post-286","page","type-page","status-publish","has-post-thumbnail","hentry"],"jetpack_sharing_enabled":false,"_links":{"self":[{"href":"https:\/\/www.santaanaalcoi.es\/index.php?rest_route=\/wp\/v2\/pages\/286","targetHints":{"allow":["GET"]}}],"collection":[{"href":"https:\/\/www.santaanaalcoi.es\/index.php?rest_route=\/wp\/v2\/pages"}],"about":[{"href":"https:\/\/www.santaanaalcoi.es\/index.php?rest_route=\/wp\/v2\/types\/page"}],"author":[{"embeddable":true,"href":"https:\/\/www.santaanaalcoi.es\/index.php?rest_route=\/wp\/v2\/users\/3"}],"replies":[{"embeddable":true,"href":"https:\/\/www.santaanaalcoi.es\/index.php?rest_route=%2Fwp%2Fv2%2Fcomments&post=286"}],"version-history":[{"count":1,"href":"https:\/\/www.santaanaalcoi.es\/index.php?rest_route=\/wp\/v2\/pages\/286\/revisions"}],"predecessor-version":[{"id":4588,"href":"https:\/\/www.santaanaalcoi.es\/index.php?rest_route=\/wp\/v2\/pages\/286\/revisions\/4588"}],"up":[{"embeddable":true,"href":"https:\/\/www.santaanaalcoi.es\/index.php?rest_route=\/wp\/v2\/pages\/4327"}],"wp:featuredmedia":[{"embeddable":true,"href":"https:\/\/www.santaanaalcoi.es\/index.php?rest_route=\/wp\/v2\/media\/4587"}],"wp:attachment":[{"href":"https:\/\/www.santaanaalcoi.es\/index.php?rest_route=%2Fwp%2Fv2%2Fmedia&parent=286"}],"curies":[{"name":"wp","href":"https:\/\/api.w.org\/{rel}","templated":true}]}}