{"id":27,"date":"2016-06-01T17:00:21","date_gmt":"2016-06-01T17:00:21","guid":{"rendered":"https:\/\/santaanaalcoiweb.wordpress.com\/instalaciones\/"},"modified":"2016-06-01T17:00:21","modified_gmt":"2016-06-01T17:00:21","slug":"instalaciones","status":"publish","type":"page","link":"https:\/\/www.santaanaalcoi.es\/?page_id=27","title":{"rendered":"INSTALACIONES"},"content":{"rendered":"<ul>\n<li style=\"text-align: justify\">Tres aulas de Escoleta (homologada y autorizada por Conseller\u00eda de Educaci\u00f3n).<\/li>\n<li style=\"text-align: justify\">Huerto escolar.<\/li>\n<li style=\"text-align: justify\">Zona\u00a0Infantil y Escoleta con c\u00e9sped artificial y parque de juegos.<\/li>\n<li style=\"text-align: justify\">English Time Lab (aula espec\u00edfica de lengua inglesa).<\/li>\n<li style=\"text-align: justify\">Trece Aulas para Educaci\u00f3n Infantil, Primaria y Secundaria.<\/li>\n<li style=\"text-align: justify\">Comedor escolar.<\/li>\n<li style=\"text-align: justify\">Cocina propia.<\/li>\n<li style=\"text-align: justify\">Laboratorio de Ciencias y Biolog\u00eda.<\/li>\n<li style=\"text-align: justify\">Aula de Inform\u00e1tica.<\/li>\n<li style=\"text-align: justify\">Aula de Tecnolog\u00eda.<\/li>\n<li style=\"text-align: justify\">Pistas polideportivas.<\/li>\n<li style=\"text-align: justify\">Zona de vestuarios.<\/li>\n<li style=\"text-align: justify\">Salas cubiertas.<\/li>\n<li style=\"text-align: justify\">Aula de Educaci\u00f3n Musical.<\/li>\n<li style=\"text-align: justify\">Aula de Pedagog\u00eda Terap\u00e9utica.<\/li>\n<li style=\"text-align: justify\">Sala de Profesores.<\/li>\n<li style=\"text-align: justify\">Secretar\u00eda.<\/li>\n<li style=\"text-align: justify\">Capilla.<\/li>\n<li style=\"text-align: justify\">Sal\u00f3n de Actos.<\/li>\n<li style=\"text-align: justify\">Barbacoa.<\/li>\n<\/ul>\n","protected":false},"excerpt":{"rendered":"<p>Tres aulas de Escoleta (homologada y autorizada por Conseller\u00eda de Educaci\u00f3n). Huerto escolar. Zona\u00a0Infantil y Escoleta con c\u00e9sped artificial y parque de juegos. English Time Lab (aula espec\u00edfica de lengua inglesa). Trece Aulas para Educaci\u00f3n Infantil, Primaria y Secundaria. Comedor escolar. Cocina propia. Laboratorio de Ciencias y Biolog\u00eda. Aula de Inform\u00e1tica. Aula de Tecnolog\u00eda. Pistas&#8230; <\/p>\n<div class=\"link-more\"><a href=\"https:\/\/www.santaanaalcoi.es\/?page_id=27\">Lea m\u00e1s<\/a><\/div>\n","protected":false},"author":3,"featured_media":2929,"parent":4327,"menu_order":0,"comment_status":"closed","ping_status":"closed","template":"","meta":{"footnotes":""},"class_list":["post-27","page","type-page","status-publish","has-post-thumbnail","hentry"],"jetpack_sharing_enabled":false,"_links":{"self":[{"href":"https:\/\/www.santaanaalcoi.es\/index.php?rest_route=\/wp\/v2\/pages\/27","targetHints":{"allow":["GET"]}}],"collection":[{"href":"https:\/\/www.santaanaalcoi.es\/index.php?rest_route=\/wp\/v2\/pages"}],"about":[{"href":"https:\/\/www.santaanaalcoi.es\/index.php?rest_route=\/wp\/v2\/types\/page"}],"author":[{"embeddable":true,"href":"https:\/\/www.santaanaalcoi.es\/index.php?rest_route=\/wp\/v2\/users\/3"}],"replies":[{"embeddable":true,"href":"https:\/\/www.santaanaalcoi.es\/index.php?rest_route=%2Fwp%2Fv2%2Fcomments&post=27"}],"version-history":[{"count":0,"href":"https:\/\/www.santaanaalcoi.es\/index.php?rest_route=\/wp\/v2\/pages\/27\/revisions"}],"up":[{"embeddable":true,"href":"https:\/\/www.santaanaalcoi.es\/index.php?rest_route=\/wp\/v2\/pages\/4327"}],"wp:featuredmedia":[{"embeddable":true,"href":"https:\/\/www.santaanaalcoi.es\/index.php?rest_route=\/wp\/v2\/media\/2929"}],"wp:attachment":[{"href":"https:\/\/www.santaanaalcoi.es\/index.php?rest_route=%2Fwp%2Fv2%2Fmedia&parent=27"}],"curies":[{"name":"wp","href":"https:\/\/api.w.org\/{rel}","templated":true}]}}