{"id":2357,"date":"2021-04-13T15:23:14","date_gmt":"2021-04-13T15:23:14","guid":{"rendered":"https:\/\/santaanaalcoiweb.wordpress.com\/?page_id=2357"},"modified":"2025-07-30T11:15:17","modified_gmt":"2025-07-30T09:15:17","slug":"horario-uniformes","status":"publish","type":"page","link":"https:\/\/www.santaanaalcoi.es\/?page_id=2357","title":{"rendered":"INNOVACI\u00d3N EDUCATIVA"},"content":{"rendered":"<p>&nbsp;<\/p>\n<p style=\"text-align: left;\">Creemos en una educaci\u00f3n que emociona, que evoluciona con cada alumno y se convierte en proyectos vivos que inspiran, conectan y transforman su manera de aprender y crecer.<\/p>\n<p style=\"text-align: left;\">En nuestro colegio, la innovaci\u00f3n educativa no es solo una metodolog\u00eda, sino una actitud: integramos la tecnolog\u00eda como herramienta de descubrimiento sin olvidarnos de fomentar\u00a0 el respeto y el cuidado de nuestro entorno como valor esencial.<\/p>\n<p style=\"text-align: left;\">Aqu\u00ed pod\u00e9is visualizar algunos de los proyectos realizados:<\/p>\n<p style=\"text-align: left;\"><a href=\"http:\/\/www.santaanaalcoi.es\/wp-content\/uploads\/2025\/05\/img_2483.png\">PROJECTE GUARDABOSC<\/a><\/p>\n<p style=\"text-align: left;\"><a href=\"https:\/\/www.santaanaalcoi.es\/wp-content\/uploads\/2025\/07\/hort.png\">PROJECTE HORT ESCOLAR<\/a><\/p>\n","protected":false},"excerpt":{"rendered":"<p>&nbsp; Creemos en una educaci\u00f3n que emociona, que evoluciona con cada alumno y se convierte en proyectos vivos que inspiran, conectan y transforman su manera de aprender y crecer. En nuestro colegio, la innovaci\u00f3n educativa no es solo una metodolog\u00eda, sino una actitud: integramos la tecnolog\u00eda como herramienta de descubrimiento sin olvidarnos de fomentar\u00a0 el&#8230; <\/p>\n<div class=\"link-more\"><a href=\"https:\/\/www.santaanaalcoi.es\/?page_id=2357\">Lea m\u00e1s<\/a><\/div>\n","protected":false},"author":3,"featured_media":4302,"parent":0,"menu_order":0,"comment_status":"closed","ping_status":"closed","template":"","meta":{"footnotes":""},"class_list":["post-2357","page","type-page","status-publish","has-post-thumbnail","hentry"],"jetpack_sharing_enabled":true,"_links":{"self":[{"href":"https:\/\/www.santaanaalcoi.es\/index.php?rest_route=\/wp\/v2\/pages\/2357","targetHints":{"allow":["GET"]}}],"collection":[{"href":"https:\/\/www.santaanaalcoi.es\/index.php?rest_route=\/wp\/v2\/pages"}],"about":[{"href":"https:\/\/www.santaanaalcoi.es\/index.php?rest_route=\/wp\/v2\/types\/page"}],"author":[{"embeddable":true,"href":"https:\/\/www.santaanaalcoi.es\/index.php?rest_route=\/wp\/v2\/users\/3"}],"replies":[{"embeddable":true,"href":"https:\/\/www.santaanaalcoi.es\/index.php?rest_route=%2Fwp%2Fv2%2Fcomments&post=2357"}],"version-history":[{"count":4,"href":"https:\/\/www.santaanaalcoi.es\/index.php?rest_route=\/wp\/v2\/pages\/2357\/revisions"}],"predecessor-version":[{"id":4603,"href":"https:\/\/www.santaanaalcoi.es\/index.php?rest_route=\/wp\/v2\/pages\/2357\/revisions\/4603"}],"wp:featuredmedia":[{"embeddable":true,"href":"https:\/\/www.santaanaalcoi.es\/index.php?rest_route=\/wp\/v2\/media\/4302"}],"wp:attachment":[{"href":"https:\/\/www.santaanaalcoi.es\/index.php?rest_route=%2Fwp%2Fv2%2Fmedia&parent=2357"}],"curies":[{"name":"wp","href":"https:\/\/api.w.org\/{rel}","templated":true}]}}