{"id":219,"date":"2016-07-19T14:35:22","date_gmt":"2016-07-19T14:35:22","guid":{"rendered":"https:\/\/santaanaalcoiweb.wordpress.com\/?page_id=219"},"modified":"2025-07-28T12:08:39","modified_gmt":"2025-07-28T10:08:39","slug":"libros","status":"publish","type":"page","link":"https:\/\/www.santaanaalcoi.es\/?page_id=219","title":{"rendered":"Libros"},"content":{"rendered":"<p>Realizamos un proyecto anual y global en el cual se involucran las familias en la realizaci\u00f3n de las diferentes actividades \u00a0tanto dentro como fuera del aula.<\/p>\n<p>Adem\u00e1s realizamos dos proyectos m\u00e1s, uno de lectoescritura y otro de matem\u00e1ticas, que se basan en actividades manipulativas y planteando a nuestros alumnos\/as retos cognitivos a trav\u00e9s de la experimentaci\u00f3n. Esto complementa con las rutinas diarias, esenciales en la etapa, en las cuales desarrollan su autonom\u00eda y autoconocimiento.<\/p>\n<p>Y no nos olvidamos de la creatividad con un cuaderno de grafismo creativo,\u00a0 que ayuda a los m\u00e1s peque\u00f1os a desarrollar la concentraci\u00f3n y la imaginaci\u00f3n progresando del garabato a la escritura a trav\u00e9s del juego y la diversi\u00f3n.<\/p>\n<p style=\"text-align: justify;\">Aqu\u00ed pod\u00e9is visualizar los libros con los cuales trabajamos: <a href=\"https:\/\/www.santaanaalcoi.es\/wp-content\/uploads\/2025\/07\/LIBROS-2.pdf\">libros.<\/a><\/p>\n","protected":false},"excerpt":{"rendered":"<p>Realizamos un proyecto anual y global en el cual se involucran las familias en la realizaci\u00f3n de las diferentes actividades \u00a0tanto dentro como fuera del aula. Adem\u00e1s realizamos dos proyectos m\u00e1s, uno de lectoescritura y otro de matem\u00e1ticas, que se basan en actividades manipulativas y planteando a nuestros alumnos\/as retos cognitivos a trav\u00e9s de la&#8230; <\/p>\n<div class=\"link-more\"><a href=\"https:\/\/www.santaanaalcoi.es\/?page_id=219\">Lea m\u00e1s<\/a><\/div>\n","protected":false},"author":3,"featured_media":2447,"parent":65,"menu_order":0,"comment_status":"closed","ping_status":"closed","template":"","meta":{"footnotes":""},"class_list":["post-219","page","type-page","status-publish","has-post-thumbnail","hentry"],"jetpack_sharing_enabled":false,"_links":{"self":[{"href":"https:\/\/www.santaanaalcoi.es\/index.php?rest_route=\/wp\/v2\/pages\/219","targetHints":{"allow":["GET"]}}],"collection":[{"href":"https:\/\/www.santaanaalcoi.es\/index.php?rest_route=\/wp\/v2\/pages"}],"about":[{"href":"https:\/\/www.santaanaalcoi.es\/index.php?rest_route=\/wp\/v2\/types\/page"}],"author":[{"embeddable":true,"href":"https:\/\/www.santaanaalcoi.es\/index.php?rest_route=\/wp\/v2\/users\/3"}],"replies":[{"embeddable":true,"href":"https:\/\/www.santaanaalcoi.es\/index.php?rest_route=%2Fwp%2Fv2%2Fcomments&post=219"}],"version-history":[{"count":3,"href":"https:\/\/www.santaanaalcoi.es\/index.php?rest_route=\/wp\/v2\/pages\/219\/revisions"}],"predecessor-version":[{"id":4593,"href":"https:\/\/www.santaanaalcoi.es\/index.php?rest_route=\/wp\/v2\/pages\/219\/revisions\/4593"}],"up":[{"embeddable":true,"href":"https:\/\/www.santaanaalcoi.es\/index.php?rest_route=\/wp\/v2\/pages\/65"}],"wp:featuredmedia":[{"embeddable":true,"href":"https:\/\/www.santaanaalcoi.es\/index.php?rest_route=\/wp\/v2\/media\/2447"}],"wp:attachment":[{"href":"https:\/\/www.santaanaalcoi.es\/index.php?rest_route=%2Fwp%2Fv2%2Fmedia&parent=219"}],"curies":[{"name":"wp","href":"https:\/\/api.w.org\/{rel}","templated":true}]}}