{"id":206,"date":"2016-07-11T19:57:10","date_gmt":"2016-07-11T19:57:10","guid":{"rendered":"https:\/\/santaanaalcoiweb.wordpress.com\/english-time\/"},"modified":"2026-02-20T10:07:56","modified_gmt":"2026-02-20T09:07:56","slug":"english-time-3","status":"publish","type":"page","link":"https:\/\/www.santaanaalcoi.es\/?page_id=206","title":{"rendered":"ENGLISH TIME"},"content":{"rendered":"<div class=\"wp-block-image\">\n<figure class=\"aligncenter size-large is-resized\"><img loading=\"lazy\" decoding=\"async\" width=\"1024\" height=\"576\" src=\"https:\/\/www.santaanaalcoi.es\/wp-content\/uploads\/2026\/02\/Captura-2026-02-16-114209_1.12.1-1-1024x576.jpg\" alt=\"\" class=\"wp-image-4832\" style=\"width:532px;height:auto\" srcset=\"https:\/\/www.santaanaalcoi.es\/wp-content\/uploads\/2026\/02\/Captura-2026-02-16-114209_1.12.1-1-1024x576.jpg 1024w, https:\/\/www.santaanaalcoi.es\/wp-content\/uploads\/2026\/02\/Captura-2026-02-16-114209_1.12.1-1-300x169.jpg 300w, https:\/\/www.santaanaalcoi.es\/wp-content\/uploads\/2026\/02\/Captura-2026-02-16-114209_1.12.1-1-768x432.jpg 768w, https:\/\/www.santaanaalcoi.es\/wp-content\/uploads\/2026\/02\/Captura-2026-02-16-114209_1.12.1-1-1536x864.jpg 1536w, https:\/\/www.santaanaalcoi.es\/wp-content\/uploads\/2026\/02\/Captura-2026-02-16-114209_1.12.1-1-2048x1152.jpg 2048w, https:\/\/www.santaanaalcoi.es\/wp-content\/uploads\/2026\/02\/Captura-2026-02-16-114209_1.12.1-1-533x300.jpg 533w\" sizes=\"auto, (max-width: 1024px) 100vw, 1024px\" \/><\/figure>\n<\/div>\n\n\n<p><br><strong>\u00bfQu\u00e9 es?<\/strong><br>EnglishTime es un proyecto propio de centro para el aprendizaje de la lengua inglesa aplicado desde el primer curso de educaci\u00f3n infantil hasta 4\u00ba de ESO. Siendo certificado, en 2017 por la Conselleria de Educaci\u00f3n como <strong>Proyecto de Innovaci\u00f3n Educativa.<\/strong><br>Con EnglishTime, la lengua inglesa se aprende de una forma l\u00fadica y significativa, por imitaci\u00f3n, repetici\u00f3n y pr\u00e1ctica, en un clima de afecto y confianza. Mejorando la confianza de nuestros alumnos para que superen el temor a comunicarse en el nuevo idioma.<\/p>\n\n\n\n<p><strong><br>\u00bfPor qu\u00e9 un cambio metodol\u00f3gico?<\/strong><br>El Proyecto English Time surge ante la necesidad de mejorar la competencia comunicativa de nuestros alumnos en la asignatura de lengua inglesa, ya que la ense\u00f1anza de idiomas en Espa\u00f1a tradicionalmente se ha basado en la pr\u00e1ctica de las habilidades escritas, dando m\u00e1s importancia a las reglas gramaticales que a la expresi\u00f3n y comprensi\u00f3n orales.<br>Tras un largo periodo de estudio y reflexi\u00f3n, concluimos que la metodolog\u00eda m\u00e1s eficaz y efectiva es el m\u00e9todo de inmersi\u00f3n ling\u00fc\u00edstica.<br>En nuestro proyecto entendemos la inmersi\u00f3n ling\u00fc\u00edstica como la situaci\u00f3n en la que un alumno se introduce totalmente en un entorno nuevo en el que la lengua que est\u00e1 aprendiendo predomina en todos los \u00e1mbitos. Todo lo que ve y oye est\u00e1 en esa lengua, por lo que poco a poco va a empezar a comprender, pensar y expresarse en esa misma lengua de una forma natural y con confianza.<\/p>\n\n\n\n<p><br><strong>\u00bfC\u00f3mo lo aplicamos?<\/strong><br>El aula espec\u00edfica de ingl\u00e9s (ENGLISH LAB), representa ese entorno en el que el alumnado est\u00e1 en contacto intensivo con la lengua que se est\u00e1 aprendiendo, favoreciendo que los alumnos empiecen a comprender, jugar, pensar y hablar en este idioma desde edades muy tempranas.<\/p>\n\n\n\n<p><strong>ETAPAS EDUCATIVAS<\/strong><\/p>\n\n\n\n<ul class=\"wp-block-list\">\n<li><a href=\"https:\/\/www.santaanaalcoi.es\/?page_id=693\">Nursery <\/a><\/li>\n\n\n\n<li><a href=\"https:\/\/www.santaanaalcoi.es\/?page_id=697\">Pre-Primary<\/a><\/li>\n\n\n\n<li><a href=\"https:\/\/www.santaanaalcoi.es\/?page_id=702\">Primary<\/a><\/li>\n<\/ul>\n\n\n\n<p><\/p>\n","protected":false},"excerpt":{"rendered":"<p>\u00bfQu\u00e9 es?EnglishTime es un proyecto propio de centro para el aprendizaje de la lengua inglesa aplicado desde el primer curso de educaci\u00f3n infantil hasta 4\u00ba de ESO. Siendo certificado, en 2017 por la Conselleria de Educaci\u00f3n como Proyecto de Innovaci\u00f3n Educativa.Con EnglishTime, la lengua inglesa se aprende de una forma l\u00fadica y significativa, por imitaci\u00f3n,&#8230; <\/p>\n<div class=\"link-more\"><a href=\"https:\/\/www.santaanaalcoi.es\/?page_id=206\">Lea m\u00e1s<\/a><\/div>\n","protected":false},"author":3,"featured_media":0,"parent":0,"menu_order":0,"comment_status":"closed","ping_status":"closed","template":"","meta":{"footnotes":""},"class_list":["post-206","page","type-page","status-publish","hentry"],"jetpack_sharing_enabled":false,"_links":{"self":[{"href":"https:\/\/www.santaanaalcoi.es\/index.php?rest_route=\/wp\/v2\/pages\/206","targetHints":{"allow":["GET"]}}],"collection":[{"href":"https:\/\/www.santaanaalcoi.es\/index.php?rest_route=\/wp\/v2\/pages"}],"about":[{"href":"https:\/\/www.santaanaalcoi.es\/index.php?rest_route=\/wp\/v2\/types\/page"}],"author":[{"embeddable":true,"href":"https:\/\/www.santaanaalcoi.es\/index.php?rest_route=\/wp\/v2\/users\/3"}],"replies":[{"embeddable":true,"href":"https:\/\/www.santaanaalcoi.es\/index.php?rest_route=%2Fwp%2Fv2%2Fcomments&post=206"}],"version-history":[{"count":5,"href":"https:\/\/www.santaanaalcoi.es\/index.php?rest_route=\/wp\/v2\/pages\/206\/revisions"}],"predecessor-version":[{"id":4835,"href":"https:\/\/www.santaanaalcoi.es\/index.php?rest_route=\/wp\/v2\/pages\/206\/revisions\/4835"}],"wp:attachment":[{"href":"https:\/\/www.santaanaalcoi.es\/index.php?rest_route=%2Fwp%2Fv2%2Fmedia&parent=206"}],"curies":[{"name":"wp","href":"https:\/\/api.w.org\/{rel}","templated":true}]}}