{"id":164,"date":"2016-07-11T18:22:16","date_gmt":"2016-07-11T18:22:16","guid":{"rendered":"https:\/\/santaanaalcoiweb.wordpress.com\/?page_id=164"},"modified":"2026-03-27T09:12:44","modified_gmt":"2026-03-27T08:12:44","slug":"menus","status":"publish","type":"page","link":"https:\/\/www.santaanaalcoi.es\/?page_id=164","title":{"rendered":"Men\u00fas"},"content":{"rendered":"<p style=\"text-align: justify;\">En este apartado iremos colgando mensualmente los men\u00fas completos, para que puedan ser descargados en cualquier momento.<\/p>\n<ul>\n<li style=\"text-align: justify;\"><a href=\"https:\/\/www.santaanaalcoi.es\/wp-content\/uploads\/2025\/09\/SANTA-ANA-ALCOY-SEPTIEMBRE-2025.pdf\" target=\"_blank\" rel=\"noopener\">MEN\u00da DE SEPTIEMBRE DE 2025<\/a><\/li>\n<li><a href=\"https:\/\/www.santaanaalcoi.es\/wp-content\/uploads\/2025\/09\/SANTA-ANA-ALCOY-OCTUBRE-2025.pdf\">MEN\u00da DE OCTUBRE DE 2025<\/a><\/li>\n<li><a href=\"https:\/\/www.santaanaalcoi.es\/wp-content\/uploads\/2025\/10\/SANTA-ANA-NOVIEMBRE-2025.pdf\">MEN\u00da DE NOVIEMBRE DE 2025<\/a><\/li>\n<li><a href=\"https:\/\/www.santaanaalcoi.es\/wp-content\/uploads\/2025\/11\/SANTA-ANA-DICIEMBRE-2025.pdf\">MEN\u00da DE DICIEMBRE DE 2025<\/a><\/li>\n<li><a href=\"https:\/\/www.santaanaalcoi.es\/wp-content\/uploads\/2026\/01\/SANTA-ANA-ENERO-2026.pdf\">MEN\u00da DE ENERO DE 2026<\/a><\/li>\n<li><a href=\"https:\/\/www.santaanaalcoi.es\/wp-content\/uploads\/2026\/01\/SANTA-ANA-FEBRERO-2026.pdf\">MEN\u00da DE FEBRERO DE 2026<\/a><\/li>\n<li><a href=\"https:\/\/www.santaanaalcoi.es\/wp-content\/uploads\/2026\/02\/SANTA-ANA-MARZO-2026-.pdf\">MEN\u00da DE MARZO DE 2026<\/a><\/li>\n<li><a href=\"https:\/\/www.santaanaalcoi.es\/wp-content\/uploads\/2026\/03\/SANTA-ANA-ABRIL-2026.pdf\">MEN\u00da DE ABRIL DE 2026<\/a><\/li>\n<\/ul>\n\n\n<p><\/p>\n","protected":false},"excerpt":{"rendered":"<p>En este apartado iremos colgando mensualmente los men\u00fas completos, para que puedan ser descargados en cualquier momento. MEN\u00da DE SEPTIEMBRE DE 2025 MEN\u00da DE OCTUBRE DE 2025 MEN\u00da DE NOVIEMBRE DE 2025 MEN\u00da DE DICIEMBRE DE 2025 MEN\u00da DE ENERO DE 2026 MEN\u00da DE FEBRERO DE 2026 MEN\u00da DE MARZO DE 2026 MEN\u00da DE ABRIL&#8230; <\/p>\n<div class=\"link-more\"><a href=\"https:\/\/www.santaanaalcoi.es\/?page_id=164\">Lea m\u00e1s<\/a><\/div>\n","protected":false},"author":3,"featured_media":2726,"parent":59,"menu_order":0,"comment_status":"closed","ping_status":"closed","template":"","meta":{"footnotes":""},"class_list":["post-164","page","type-page","status-publish","has-post-thumbnail","hentry"],"jetpack_sharing_enabled":false,"_links":{"self":[{"href":"https:\/\/www.santaanaalcoi.es\/index.php?rest_route=\/wp\/v2\/pages\/164","targetHints":{"allow":["GET"]}}],"collection":[{"href":"https:\/\/www.santaanaalcoi.es\/index.php?rest_route=\/wp\/v2\/pages"}],"about":[{"href":"https:\/\/www.santaanaalcoi.es\/index.php?rest_route=\/wp\/v2\/types\/page"}],"author":[{"embeddable":true,"href":"https:\/\/www.santaanaalcoi.es\/index.php?rest_route=\/wp\/v2\/users\/3"}],"replies":[{"embeddable":true,"href":"https:\/\/www.santaanaalcoi.es\/index.php?rest_route=%2Fwp%2Fv2%2Fcomments&post=164"}],"version-history":[{"count":8,"href":"https:\/\/www.santaanaalcoi.es\/index.php?rest_route=\/wp\/v2\/pages\/164\/revisions"}],"predecessor-version":[{"id":4877,"href":"https:\/\/www.santaanaalcoi.es\/index.php?rest_route=\/wp\/v2\/pages\/164\/revisions\/4877"}],"up":[{"embeddable":true,"href":"https:\/\/www.santaanaalcoi.es\/index.php?rest_route=\/wp\/v2\/pages\/59"}],"wp:featuredmedia":[{"embeddable":true,"href":"https:\/\/www.santaanaalcoi.es\/index.php?rest_route=\/wp\/v2\/media\/2726"}],"wp:attachment":[{"href":"https:\/\/www.santaanaalcoi.es\/index.php?rest_route=%2Fwp%2Fv2%2Fmedia&parent=164"}],"curies":[{"name":"wp","href":"https:\/\/api.w.org\/{rel}","templated":true}]}}